{"id":3227,"date":"2020-05-21T12:03:42","date_gmt":"2020-05-21T12:03:42","guid":{"rendered":"https:\/\/inwest-bud.org.pl\/?page_id=3227"},"modified":"2024-02-21T19:10:10","modified_gmt":"2024-02-21T19:10:10","slug":"realizacje","status":"publish","type":"page","link":"https:\/\/inwest-bud.org.pl\/en\/realizacje\/","title":{"rendered":"Realizacje"},"content":{"rendered":"<div data-elementor-type=\"wp-page\" data-elementor-id=\"3227\" class=\"elementor elementor-3227\">\n\t\t\t\t\t\t<section class=\"elementor-section elementor-top-section elementor-element elementor-element-2fca147 elementor-section-boxed elementor-section-height-default elementor-section-height-default sc_fly_static\" data-id=\"2fca147\" data-element_type=\"section\" data-e-type=\"section\">\n\t\t\t\t\t\t<div class=\"elementor-container elementor-column-gap-extended\">\n\t\t\t\t\t<div class=\"elementor-column elementor-col-100 elementor-top-column elementor-element elementor-element-26cb50f sc_inner_width_none sc_content_align_inherit sc_layouts_column_icons_position_left sc_fly_static\" data-id=\"26cb50f\" data-element_type=\"column\" data-e-type=\"column\">\n\t\t\t<div class=\"elementor-widget-wrap elementor-element-populated\">\n\t\t\t\t\t\t<div class=\"elementor-element elementor-element-da2f2e8 sc_height_huge sc_fly_static elementor-widget elementor-widget-spacer\" data-id=\"da2f2e8\" data-element_type=\"widget\" data-e-type=\"widget\" data-widget_type=\"spacer.default\">\n\t\t\t\t<div class=\"elementor-widget-container\">\n\t\t\t\t\t\t\t<div class=\"elementor-spacer\">\n\t\t\t<div class=\"elementor-spacer-inner\"><\/div>\n\t\t<\/div>\n\t\t\t\t\t\t<\/div>\n\t\t\t\t<\/div>\n\t\t\t\t<div class=\"elementor-element elementor-element-c8426e8 scheme_inwestbud sc_fly_static elementor-widget elementor-widget-trx_sc_title\" data-id=\"c8426e8\" data-element_type=\"widget\" data-e-type=\"widget\" data-widget_type=\"trx_sc_title.default\">\n\t\t\t\t<div class=\"elementor-widget-container\">\n\t\t\t\t\t<div\t\tclass=\"sc_title scheme_inwestbud sc_title_default\" ><span class=\"sc_item_subtitle sc_title_subtitle sc_align_center sc_item_subtitle_above sc_item_title_style_default\">PORTFOLIO<\/span><h1 class=\"sc_item_title sc_title_title sc_align_center sc_item_title_style_default sc_item_title_tag\"\n\t\t\t><span class=\"sc_item_title_text\">NASZE REALIZACJE<\/span><\/h1><\/div>\t\t\t\t<\/div>\n\t\t\t\t<\/div>\n\t\t\t\t<div class=\"elementor-element elementor-element-9ec6734 sc_height_large sc_fly_static elementor-widget elementor-widget-spacer\" data-id=\"9ec6734\" data-element_type=\"widget\" data-e-type=\"widget\" data-widget_type=\"spacer.default\">\n\t\t\t\t<div class=\"elementor-widget-container\">\n\t\t\t\t\t\t\t<div class=\"elementor-spacer\">\n\t\t\t<div class=\"elementor-spacer-inner\"><\/div>\n\t\t<\/div>\n\t\t\t\t\t\t<\/div>\n\t\t\t\t<\/div>\n\t\t\t\t<div class=\"elementor-element elementor-element-e2edc3d scheme_inwestbud sc_style_default sc_fly_static elementor-widget elementor-widget-trx_sc_blogger\" data-id=\"e2edc3d\" data-element_type=\"widget\" data-e-type=\"widget\" data-widget_type=\"trx_sc_blogger.default\">\n\t\t\t\t<div class=\"elementor-widget-container\">\n\t\t\t\t\t<div \t\tclass=\"sc_blogger scheme_inwestbud sc_blogger_lay_portfolio sc_blogger_lay_portfolio_style-1 sc_item_filters_tabs_none alignnone\" ><div class=\"sc_blogger_columns_wrap sc_item_columns sc_item_posts_container trx_addons_columns_wrap columns_padding_bottom\" ><div class=\"trx_addons_column-1_3 trx_addons_column-1_3-tablet trx_addons_column-1_2-mobile\"><div data-post-id=\"2761\" data-item-number=\"1\" class=\"sc_blogger_item sc_item_container post_container sc_blogger_item_lay_portfolio sc_blogger_item_lay_portfolio_style-1 sc_blogger_item_odd sc_blogger_item_align_none post_format_standard sc_blogger_item_with_image sc_blogger_item_no_excerpt sc_blogger_item_image_position_top post-2761 cpt_portfolio type-cpt_portfolio status-publish has-post-thumbnail hentry cpt_portfolio_group-nadzory-inwestorskie\" ><div class=\"sc_blogger_item_body\"><div class=\"post_featured with_thumb hover_zoom sc_item_featured sc_blogger_item_featured\"><img fetchpriority=\"high\" decoding=\"async\" width=\"650\" height=\"572\" src=\"https:\/\/inwest-bud.org.pl\/wp-content\/uploads\/2020\/05\/aquapark-inwest-bud-4-650x572.jpg\" class=\"attachment-law-office-thumb-medium-square size-law-office-thumb-medium-square wp-post-image\" alt=\"\" \/>\t\t\t\t\t\t<div class=\"mask\"><\/div>\n\t\t\t\t\t\t\t\t\t<div class=\"icons\">\n\t\t\t\t<a href=\"https:\/\/inwest-bud.org.pl\/en\/portfolio\/modernizacja-remont-i-przebudowa-basenu-ul-bazynskich-w-toruniu\/\"  aria-hidden=\"true\" class=\"icon-link\"><\/a>\n\t\t\t\t\t\t\t\t<a href=\"https:\/\/inwest-bud.org.pl\/wp-content\/uploads\/2020\/05\/aquapark-inwest-bud-4.jpg\" aria-hidden=\"true\" class=\"icon-search\" title=\"Modernizacja, remont i przebudowa basenu Aquapark w Toruniu\"><\/a>\n\t\t\t\t\t\t\t<\/div>\n\t\t\t<\/div><div class=\"sc_blogger_item_content entry-content\"><h5 class=\"sc_blogger_item_title entry-title\" data-item-number=\"1\"><a href=\"https:\/\/inwest-bud.org.pl\/en\/portfolio\/modernizacja-remont-i-przebudowa-basenu-ul-bazynskich-w-toruniu\/\" rel=\"bookmark\">Modernizacja, remont i przebudowa basenu Aquapark w Toruniu<\/a><\/h5><\/div><!-- .entry-content --><\/div><!-- .sc_blogger_item_body --><\/div><!-- .sc_blogger_item --><\/div><div class=\"trx_addons_column-1_3 trx_addons_column-1_3-tablet trx_addons_column-1_2-mobile\"><div data-post-id=\"22680\" data-item-number=\"2\" class=\"sc_blogger_item sc_item_container post_container sc_blogger_item_lay_portfolio sc_blogger_item_lay_portfolio_style-1 sc_blogger_item_even sc_blogger_item_align_none post_format_standard sc_blogger_item_with_image sc_blogger_item_no_excerpt sc_blogger_item_image_position_top post-22680 cpt_portfolio type-cpt_portfolio status-publish has-post-thumbnail hentry cpt_portfolio_group-nadzory-inwestorskie\" ><div class=\"sc_blogger_item_body\"><div class=\"post_featured with_thumb hover_zoom sc_item_featured sc_blogger_item_featured\"><img decoding=\"async\" width=\"650\" height=\"572\" src=\"https:\/\/inwest-bud.org.pl\/wp-content\/uploads\/2024\/02\/kowalewo-inwest-bud-5-650x572.jpg\" class=\"attachment-law-office-thumb-medium-square size-law-office-thumb-medium-square wp-post-image\" alt=\"\" \/>\t\t\t\t\t\t<div class=\"mask\"><\/div>\n\t\t\t\t\t\t\t\t\t<div class=\"icons\">\n\t\t\t\t<a href=\"https:\/\/inwest-bud.org.pl\/en\/portfolio\/adaptacja-budynku-na-potrzeby-siedziby-urzedu-miejskiego-oraz-przedszkola\/\"  aria-hidden=\"true\" class=\"icon-link\"><\/a>\n\t\t\t\t\t\t\t\t<a href=\"https:\/\/inwest-bud.org.pl\/wp-content\/uploads\/2024\/02\/kowalewo-inwest-bud-5.jpg\" aria-hidden=\"true\" class=\"icon-search\" title=\"Adaptacja budynku na potrzeby siedziby Urz\u0119du Miejskiego oraz Przedszkola\"><\/a>\n\t\t\t\t\t\t\t<\/div>\n\t\t\t<\/div><div class=\"sc_blogger_item_content entry-content\"><h5 class=\"sc_blogger_item_title entry-title\" data-item-number=\"2\"><a href=\"https:\/\/inwest-bud.org.pl\/en\/portfolio\/adaptacja-budynku-na-potrzeby-siedziby-urzedu-miejskiego-oraz-przedszkola\/\" rel=\"bookmark\">Adaptacja budynku na potrzeby siedziby Urz\u0119du Miejskiego oraz Przedszkola<\/a><\/h5><\/div><!-- .entry-content --><\/div><!-- .sc_blogger_item_body --><\/div><!-- .sc_blogger_item --><\/div><div class=\"trx_addons_column-1_3 trx_addons_column-1_3-tablet trx_addons_column-1_2-mobile\"><div data-post-id=\"22683\" data-item-number=\"3\" class=\"sc_blogger_item sc_item_container post_container sc_blogger_item_lay_portfolio sc_blogger_item_lay_portfolio_style-1 sc_blogger_item_odd sc_blogger_item_align_none post_format_standard sc_blogger_item_with_image sc_blogger_item_no_excerpt sc_blogger_item_image_position_top post-22683 cpt_portfolio type-cpt_portfolio status-publish has-post-thumbnail hentry cpt_portfolio_group-nadzory-inwestorskie\" ><div class=\"sc_blogger_item_body\"><div class=\"post_featured with_thumb hover_zoom sc_item_featured sc_blogger_item_featured\"><img decoding=\"async\" width=\"650\" height=\"572\" src=\"https:\/\/inwest-bud.org.pl\/wp-content\/uploads\/2024\/02\/oczyszczalnia-inwest-bud-1-650x572.jpg\" class=\"attachment-law-office-thumb-medium-square size-law-office-thumb-medium-square wp-post-image\" alt=\"\" \/>\t\t\t\t\t\t<div class=\"mask\"><\/div>\n\t\t\t\t\t\t\t\t\t<div class=\"icons\">\n\t\t\t\t<a href=\"https:\/\/inwest-bud.org.pl\/en\/portfolio\/przebudowa-i-modernizacja-oczyszczalni-sciekow-w-unislawiu\/\"  aria-hidden=\"true\" class=\"icon-link\"><\/a>\n\t\t\t\t\t\t\t\t<a href=\"https:\/\/inwest-bud.org.pl\/wp-content\/uploads\/2024\/02\/oczyszczalnia-inwest-bud-1.jpg\" aria-hidden=\"true\" class=\"icon-search\" title=\"Przebudowa i modernizacja oczyszczalni \u015bciek\u00f3w w Unis\u0142awiu\"><\/a>\n\t\t\t\t\t\t\t<\/div>\n\t\t\t<\/div><div class=\"sc_blogger_item_content entry-content\"><h5 class=\"sc_blogger_item_title entry-title\" data-item-number=\"3\"><a href=\"https:\/\/inwest-bud.org.pl\/en\/portfolio\/przebudowa-i-modernizacja-oczyszczalni-sciekow-w-unislawiu\/\" rel=\"bookmark\">Przebudowa i modernizacja oczyszczalni \u015bciek\u00f3w w Unis\u0142awiu<\/a><\/h5><\/div><!-- .entry-content --><\/div><!-- .sc_blogger_item_body --><\/div><!-- .sc_blogger_item --><\/div><div class=\"trx_addons_column-1_3 trx_addons_column-1_3-tablet trx_addons_column-1_2-mobile\"><div data-post-id=\"22739\" data-item-number=\"4\" class=\"sc_blogger_item sc_item_container post_container sc_blogger_item_lay_portfolio sc_blogger_item_lay_portfolio_style-1 sc_blogger_item_even sc_blogger_item_align_none post_format_standard sc_blogger_item_with_image sc_blogger_item_no_excerpt sc_blogger_item_image_position_top post-22739 cpt_portfolio type-cpt_portfolio status-publish has-post-thumbnail hentry cpt_portfolio_group-nadzory-inwestorskie\" ><div class=\"sc_blogger_item_body\"><div class=\"post_featured with_thumb hover_zoom sc_item_featured sc_blogger_item_featured\"><img loading=\"lazy\" decoding=\"async\" width=\"650\" height=\"572\" src=\"https:\/\/inwest-bud.org.pl\/wp-content\/uploads\/2024\/02\/zadaszenie-inwest-bud-2-650x572.jpg\" class=\"attachment-law-office-thumb-medium-square size-law-office-thumb-medium-square wp-post-image\" alt=\"\" \/>\t\t\t\t\t\t<div class=\"mask\"><\/div>\n\t\t\t\t\t\t\t\t\t<div class=\"icons\">\n\t\t\t\t<a href=\"https:\/\/inwest-bud.org.pl\/en\/portfolio\/budowa-zadaszenia-pneumatycznego-boiska-pilkarskiego\/\"  aria-hidden=\"true\" class=\"icon-link\"><\/a>\n\t\t\t\t\t\t\t\t<a href=\"https:\/\/inwest-bud.org.pl\/wp-content\/uploads\/2024\/02\/zadaszenie-inwest-bud-2.jpg\" aria-hidden=\"true\" class=\"icon-search\" title=\"Budowa zadaszenia pneumatycznego boiska pi\u0142karskiego\"><\/a>\n\t\t\t\t\t\t\t<\/div>\n\t\t\t<\/div><div class=\"sc_blogger_item_content entry-content\"><h5 class=\"sc_blogger_item_title entry-title\" data-item-number=\"4\"><a href=\"https:\/\/inwest-bud.org.pl\/en\/portfolio\/budowa-zadaszenia-pneumatycznego-boiska-pilkarskiego\/\" rel=\"bookmark\">Budowa zadaszenia pneumatycznego boiska pi\u0142karskiego<\/a><\/h5><\/div><!-- .entry-content --><\/div><!-- .sc_blogger_item_body --><\/div><!-- .sc_blogger_item --><\/div><div class=\"trx_addons_column-1_3 trx_addons_column-1_3-tablet trx_addons_column-1_2-mobile\"><div data-post-id=\"22743\" data-item-number=\"5\" class=\"sc_blogger_item sc_item_container post_container sc_blogger_item_lay_portfolio sc_blogger_item_lay_portfolio_style-1 sc_blogger_item_odd sc_blogger_item_align_none post_format_standard sc_blogger_item_with_image sc_blogger_item_no_excerpt sc_blogger_item_image_position_top post-22743 cpt_portfolio type-cpt_portfolio status-publish has-post-thumbnail hentry cpt_portfolio_group-nadzory-inwestorskie\" ><div class=\"sc_blogger_item_body\"><div class=\"post_featured with_thumb hover_zoom sc_item_featured sc_blogger_item_featured\"><img loading=\"lazy\" decoding=\"async\" width=\"650\" height=\"572\" src=\"https:\/\/inwest-bud.org.pl\/wp-content\/uploads\/2024\/02\/IMG_20200409_121355-650x572.jpg\" class=\"attachment-law-office-thumb-medium-square size-law-office-thumb-medium-square wp-post-image\" alt=\"\" \/>\t\t\t\t\t\t<div class=\"mask\"><\/div>\n\t\t\t\t\t\t\t\t\t<div class=\"icons\">\n\t\t\t\t<a href=\"https:\/\/inwest-bud.org.pl\/en\/portfolio\/adaptacja-budynkow-na-potrzeby-centrum-nowoczesnosci-mlyn-wiedzy\/\"  aria-hidden=\"true\" class=\"icon-link\"><\/a>\n\t\t\t\t\t\t\t\t<a href=\"https:\/\/inwest-bud.org.pl\/wp-content\/uploads\/2024\/02\/IMG_20200409_121355-scaled.jpg\" aria-hidden=\"true\" class=\"icon-search\" title=\"Adaptacja budynk\u00f3w na potrzeby Centrum Nowoczesno\u015bci M\u0142yn Wiedzy\"><\/a>\n\t\t\t\t\t\t\t<\/div>\n\t\t\t<\/div><div class=\"sc_blogger_item_content entry-content\"><h5 class=\"sc_blogger_item_title entry-title\" data-item-number=\"5\"><a href=\"https:\/\/inwest-bud.org.pl\/en\/portfolio\/adaptacja-budynkow-na-potrzeby-centrum-nowoczesnosci-mlyn-wiedzy\/\" rel=\"bookmark\">Adaptacja budynk\u00f3w na potrzeby Centrum Nowoczesno\u015bci M\u0142yn Wiedzy<\/a><\/h5><\/div><!-- .entry-content --><\/div><!-- .sc_blogger_item_body --><\/div><!-- .sc_blogger_item --><\/div><\/div><\/div>\t\t\t\t<\/div>\n\t\t\t\t<\/div>\n\t\t\t\t\t<\/div>\n\t\t<\/div>\n\t\t\t\t\t<\/div>\n\t\t<\/section>\n\t\t\t\t<section class=\"elementor-section elementor-top-section elementor-element elementor-element-f858633 elementor-section-boxed elementor-section-height-default elementor-section-height-default sc_fly_static\" data-id=\"f858633\" data-element_type=\"section\" data-e-type=\"section\">\n\t\t\t\t\t\t<div class=\"elementor-container elementor-column-gap-extended\">\n\t\t\t\t\t<div class=\"elementor-column elementor-col-100 elementor-top-column elementor-element elementor-element-c56ee2a sc_inner_width_none sc_content_align_inherit sc_layouts_column_icons_position_left sc_fly_static\" data-id=\"c56ee2a\" data-element_type=\"column\" data-e-type=\"column\">\n\t\t\t<div class=\"elementor-widget-wrap elementor-element-populated\">\n\t\t\t\t\t\t<div class=\"elementor-element elementor-element-ff218af sc_height_large sc_fly_static elementor-widget elementor-widget-spacer\" data-id=\"ff218af\" data-element_type=\"widget\" data-e-type=\"widget\" data-widget_type=\"spacer.default\">\n\t\t\t\t<div class=\"elementor-widget-container\">\n\t\t\t\t\t\t\t<div class=\"elementor-spacer\">\n\t\t\t<div class=\"elementor-spacer-inner\"><\/div>\n\t\t<\/div>\n\t\t\t\t\t\t<\/div>\n\t\t\t\t<\/div>\n\t\t\t\t<div class=\"elementor-element elementor-element-4773518 elementor-align-center sc_fly_static elementor-widget elementor-widget-button\" data-id=\"4773518\" data-element_type=\"widget\" data-e-type=\"widget\" data-widget_type=\"button.default\">\n\t\t\t\t<div class=\"elementor-widget-container\">\n\t\t\t\t\t\t\t\t\t<div class=\"elementor-button-wrapper\">\n\t\t\t\t\t<a class=\"elementor-button elementor-button-link elementor-size-md\" href=\"https:\/\/inwest-bud.org.pl\/en\/kontakt\/\">\n\t\t\t\t\t\t<span class=\"elementor-button-content-wrapper\">\n\t\t\t\t\t\t\t\t\t<span class=\"elementor-button-text\">ROZPOCZNIJ WSP\u00d3\u0141PRAC\u0118<\/span>\n\t\t\t\t\t<\/span>\n\t\t\t\t\t<\/a>\n\t\t\t\t<\/div>\n\t\t\t\t\t\t\t\t<\/div>\n\t\t\t\t<\/div>\n\t\t\t\t<div class=\"elementor-element elementor-element-a12889d sc_height_large sc_fly_static elementor-widget elementor-widget-spacer\" data-id=\"a12889d\" data-element_type=\"widget\" data-e-type=\"widget\" data-widget_type=\"spacer.default\">\n\t\t\t\t<div class=\"elementor-widget-container\">\n\t\t\t\t\t\t\t<div class=\"elementor-spacer\">\n\t\t\t<div class=\"elementor-spacer-inner\"><\/div>\n\t\t<\/div>\n\t\t\t\t\t\t<\/div>\n\t\t\t\t<\/div>\n\t\t\t\t<div class=\"elementor-element elementor-element-3b96869 sc_height_large sc_fly_static elementor-widget elementor-widget-spacer\" data-id=\"3b96869\" data-element_type=\"widget\" data-e-type=\"widget\" data-widget_type=\"spacer.default\">\n\t\t\t\t<div class=\"elementor-widget-container\">\n\t\t\t\t\t\t\t<div class=\"elementor-spacer\">\n\t\t\t<div class=\"elementor-spacer-inner\"><\/div>\n\t\t<\/div>\n\t\t\t\t\t\t<\/div>\n\t\t\t\t<\/div>\n\t\t\t\t\t<\/div>\n\t\t<\/div>\n\t\t\t\t\t<\/div>\n\t\t<\/section>\n\t\t\t\t<section class=\"elementor-section elementor-top-section elementor-element elementor-element-3756fcc elementor-section-boxed elementor-section-height-default elementor-section-height-default sc_fly_static\" data-id=\"3756fcc\" data-element_type=\"section\" data-e-type=\"section\">\n\t\t\t\t\t\t<div class=\"elementor-container elementor-column-gap-extended\">\n\t\t\t\t\t<div class=\"elementor-column elementor-col-100 elementor-top-column elementor-element elementor-element-5f470f5 sc_inner_width_none sc_content_align_inherit sc_layouts_column_icons_position_left sc_fly_static\" data-id=\"5f470f5\" data-element_type=\"column\" data-e-type=\"column\">\n\t\t\t<div class=\"elementor-widget-wrap\">\n\t\t\t\t\t\t\t<\/div>\n\t\t<\/div>\n\t\t\t\t\t<\/div>\n\t\t<\/section>\n\t\t\t\t<\/div>","protected":false},"excerpt":{"rendered":"<p>&hellip;<\/p>","protected":false},"author":1,"featured_media":22732,"parent":0,"menu_order":0,"comment_status":"closed","ping_status":"closed","template":"","meta":{"_monsterinsights_skip_tracking":false,"_monsterinsights_sitenote_active":false,"_monsterinsights_sitenote_note":"","_monsterinsights_sitenote_category":0,"footnotes":""},"class_list":["post-3227","page","type-page","status-publish","has-post-thumbnail","hentry"],"yoast_head":"<!-- This site is optimized with the Yoast SEO plugin v27.4 - https:\/\/yoast.com\/product\/yoast-seo-wordpress\/ -->\n<title>Realizacje - Inwest-Bud Sp\u00f3\u0142ka z o.o.<\/title>\n<meta name=\"robots\" content=\"index, follow, max-snippet:-1, max-image-preview:large, max-video-preview:-1\" \/>\n<link rel=\"canonical\" href=\"https:\/\/inwest-bud.org.pl\/en\/realizacje\/\" \/>\n<meta property=\"og:locale\" content=\"en_US\" \/>\n<meta property=\"og:type\" content=\"article\" \/>\n<meta property=\"og:title\" content=\"Realizacje - Inwest-Bud Sp\u00f3\u0142ka z o.o.\" \/>\n<meta property=\"og:description\" content=\"&hellip;\" \/>\n<meta property=\"og:url\" content=\"https:\/\/inwest-bud.org.pl\/en\/realizacje\/\" \/>\n<meta property=\"og:site_name\" content=\"Inwest-Bud Sp\u00f3\u0142ka z o.o.\" \/>\n<meta property=\"article:modified_time\" content=\"2024-02-21T19:10:10+00:00\" \/>\n<meta property=\"og:image\" content=\"https:\/\/inwest-bud.org.pl\/wp-content\/uploads\/2020\/05\/aquapark-inwest-bud-4.jpg\" \/>\n\t<meta property=\"og:image:width\" content=\"1000\" \/>\n\t<meta property=\"og:image:height\" content=\"763\" \/>\n\t<meta property=\"og:image:type\" content=\"image\/jpeg\" \/>\n<meta name=\"twitter:card\" content=\"summary_large_image\" \/>\n<meta name=\"twitter:label1\" content=\"Est. reading time\" \/>\n\t<meta name=\"twitter:data1\" content=\"2 minutes\" \/>\n<script type=\"application\/ld+json\" class=\"yoast-schema-graph\">{\"@context\":\"https:\\\/\\\/schema.org\",\"@graph\":[{\"@type\":\"WebPage\",\"@id\":\"https:\\\/\\\/inwest-bud.org.pl\\\/realizacje\\\/\",\"url\":\"https:\\\/\\\/inwest-bud.org.pl\\\/realizacje\\\/\",\"name\":\"Realizacje - Inwest-Bud Sp\u00f3\u0142ka z o.o.\",\"isPartOf\":{\"@id\":\"https:\\\/\\\/inwest-bud.org.pl\\\/#website\"},\"primaryImageOfPage\":{\"@id\":\"https:\\\/\\\/inwest-bud.org.pl\\\/realizacje\\\/#primaryimage\"},\"image\":{\"@id\":\"https:\\\/\\\/inwest-bud.org.pl\\\/realizacje\\\/#primaryimage\"},\"thumbnailUrl\":\"https:\\\/\\\/inwest-bud.org.pl\\\/wp-content\\\/uploads\\\/2020\\\/05\\\/aquapark-inwest-bud-4.jpg\",\"datePublished\":\"2020-05-21T12:03:42+00:00\",\"dateModified\":\"2024-02-21T19:10:10+00:00\",\"breadcrumb\":{\"@id\":\"https:\\\/\\\/inwest-bud.org.pl\\\/realizacje\\\/#breadcrumb\"},\"inLanguage\":\"en-US\",\"potentialAction\":[{\"@type\":\"ReadAction\",\"target\":[\"https:\\\/\\\/inwest-bud.org.pl\\\/realizacje\\\/\"]}]},{\"@type\":\"ImageObject\",\"inLanguage\":\"en-US\",\"@id\":\"https:\\\/\\\/inwest-bud.org.pl\\\/realizacje\\\/#primaryimage\",\"url\":\"https:\\\/\\\/inwest-bud.org.pl\\\/wp-content\\\/uploads\\\/2020\\\/05\\\/aquapark-inwest-bud-4.jpg\",\"contentUrl\":\"https:\\\/\\\/inwest-bud.org.pl\\\/wp-content\\\/uploads\\\/2020\\\/05\\\/aquapark-inwest-bud-4.jpg\",\"width\":1000,\"height\":763},{\"@type\":\"BreadcrumbList\",\"@id\":\"https:\\\/\\\/inwest-bud.org.pl\\\/realizacje\\\/#breadcrumb\",\"itemListElement\":[{\"@type\":\"ListItem\",\"position\":1,\"name\":\"Home\",\"item\":\"https:\\\/\\\/inwest-bud.org.pl\\\/\"},{\"@type\":\"ListItem\",\"position\":2,\"name\":\"Realizacje\"}]},{\"@type\":\"WebSite\",\"@id\":\"https:\\\/\\\/inwest-bud.org.pl\\\/#website\",\"url\":\"https:\\\/\\\/inwest-bud.org.pl\\\/\",\"name\":\"Inwest-Bud Sp\u00f3\u0142ka Z O.O.\",\"description\":\"Profesjonalne us\u0142ugi inwestycyjno-budowlane\",\"publisher\":{\"@id\":\"https:\\\/\\\/inwest-bud.org.pl\\\/#organization\"},\"potentialAction\":[{\"@type\":\"SearchAction\",\"target\":{\"@type\":\"EntryPoint\",\"urlTemplate\":\"https:\\\/\\\/inwest-bud.org.pl\\\/?s={search_term_string}\"},\"query-input\":{\"@type\":\"PropertyValueSpecification\",\"valueRequired\":true,\"valueName\":\"search_term_string\"}}],\"inLanguage\":\"en-US\"},{\"@type\":\"Organization\",\"@id\":\"https:\\\/\\\/inwest-bud.org.pl\\\/#organization\",\"name\":\"Inwest-Bud Sp\u00f3\u0142ka Z O.O.\",\"url\":\"https:\\\/\\\/inwest-bud.org.pl\\\/\",\"logo\":{\"@type\":\"ImageObject\",\"inLanguage\":\"en-US\",\"@id\":\"https:\\\/\\\/inwest-bud.org.pl\\\/#\\\/schema\\\/logo\\\/image\\\/\",\"url\":\"https:\\\/\\\/inwest-bud.org.pl\\\/wp-content\\\/uploads\\\/2024\\\/02\\\/logo_02_light-web.png\",\"contentUrl\":\"https:\\\/\\\/inwest-bud.org.pl\\\/wp-content\\\/uploads\\\/2024\\\/02\\\/logo_02_light-web.png\",\"width\":595,\"height\":283,\"caption\":\"Inwest-Bud Sp\u00f3\u0142ka Z O.O.\"},\"image\":{\"@id\":\"https:\\\/\\\/inwest-bud.org.pl\\\/#\\\/schema\\\/logo\\\/image\\\/\"}}]}<\/script>\n<!-- \/ Yoast SEO plugin. -->","yoast_head_json":{"title":"Realizacje - Inwest-Bud Sp\u00f3\u0142ka z o.o.","robots":{"index":"index","follow":"follow","max-snippet":"max-snippet:-1","max-image-preview":"max-image-preview:large","max-video-preview":"max-video-preview:-1"},"canonical":"https:\/\/inwest-bud.org.pl\/en\/realizacje\/","og_locale":"en_US","og_type":"article","og_title":"Realizacje - Inwest-Bud Sp\u00f3\u0142ka z o.o.","og_description":"&hellip;","og_url":"https:\/\/inwest-bud.org.pl\/en\/realizacje\/","og_site_name":"Inwest-Bud Sp\u00f3\u0142ka z o.o.","article_modified_time":"2024-02-21T19:10:10+00:00","og_image":[{"width":1000,"height":763,"url":"https:\/\/inwest-bud.org.pl\/wp-content\/uploads\/2020\/05\/aquapark-inwest-bud-4.jpg","type":"image\/jpeg"}],"twitter_card":"summary_large_image","twitter_misc":{"Est. reading time":"2 minutes"},"schema":{"@context":"https:\/\/schema.org","@graph":[{"@type":"WebPage","@id":"https:\/\/inwest-bud.org.pl\/realizacje\/","url":"https:\/\/inwest-bud.org.pl\/realizacje\/","name":"Realizacje - Inwest-Bud Sp\u00f3\u0142ka z o.o.","isPartOf":{"@id":"https:\/\/inwest-bud.org.pl\/#website"},"primaryImageOfPage":{"@id":"https:\/\/inwest-bud.org.pl\/realizacje\/#primaryimage"},"image":{"@id":"https:\/\/inwest-bud.org.pl\/realizacje\/#primaryimage"},"thumbnailUrl":"https:\/\/inwest-bud.org.pl\/wp-content\/uploads\/2020\/05\/aquapark-inwest-bud-4.jpg","datePublished":"2020-05-21T12:03:42+00:00","dateModified":"2024-02-21T19:10:10+00:00","breadcrumb":{"@id":"https:\/\/inwest-bud.org.pl\/realizacje\/#breadcrumb"},"inLanguage":"en-US","potentialAction":[{"@type":"ReadAction","target":["https:\/\/inwest-bud.org.pl\/realizacje\/"]}]},{"@type":"ImageObject","inLanguage":"en-US","@id":"https:\/\/inwest-bud.org.pl\/realizacje\/#primaryimage","url":"https:\/\/inwest-bud.org.pl\/wp-content\/uploads\/2020\/05\/aquapark-inwest-bud-4.jpg","contentUrl":"https:\/\/inwest-bud.org.pl\/wp-content\/uploads\/2020\/05\/aquapark-inwest-bud-4.jpg","width":1000,"height":763},{"@type":"BreadcrumbList","@id":"https:\/\/inwest-bud.org.pl\/realizacje\/#breadcrumb","itemListElement":[{"@type":"ListItem","position":1,"name":"Home","item":"https:\/\/inwest-bud.org.pl\/"},{"@type":"ListItem","position":2,"name":"Realizacje"}]},{"@type":"WebSite","@id":"https:\/\/inwest-bud.org.pl\/#website","url":"https:\/\/inwest-bud.org.pl\/","name":"Inwest-Bud Sp\u00f3\u0142ka Z O.O.","description":"Profesjonalne us\u0142ugi inwestycyjno-budowlane","publisher":{"@id":"https:\/\/inwest-bud.org.pl\/#organization"},"potentialAction":[{"@type":"SearchAction","target":{"@type":"EntryPoint","urlTemplate":"https:\/\/inwest-bud.org.pl\/?s={search_term_string}"},"query-input":{"@type":"PropertyValueSpecification","valueRequired":true,"valueName":"search_term_string"}}],"inLanguage":"en-US"},{"@type":"Organization","@id":"https:\/\/inwest-bud.org.pl\/#organization","name":"Inwest-Bud Sp\u00f3\u0142ka Z O.O.","url":"https:\/\/inwest-bud.org.pl\/","logo":{"@type":"ImageObject","inLanguage":"en-US","@id":"https:\/\/inwest-bud.org.pl\/#\/schema\/logo\/image\/","url":"https:\/\/inwest-bud.org.pl\/wp-content\/uploads\/2024\/02\/logo_02_light-web.png","contentUrl":"https:\/\/inwest-bud.org.pl\/wp-content\/uploads\/2024\/02\/logo_02_light-web.png","width":595,"height":283,"caption":"Inwest-Bud Sp\u00f3\u0142ka Z O.O."},"image":{"@id":"https:\/\/inwest-bud.org.pl\/#\/schema\/logo\/image\/"}}]}},"_links":{"self":[{"href":"https:\/\/inwest-bud.org.pl\/en\/wp-json\/wp\/v2\/pages\/3227","targetHints":{"allow":["GET"]}}],"collection":[{"href":"https:\/\/inwest-bud.org.pl\/en\/wp-json\/wp\/v2\/pages"}],"about":[{"href":"https:\/\/inwest-bud.org.pl\/en\/wp-json\/wp\/v2\/types\/page"}],"author":[{"embeddable":true,"href":"https:\/\/inwest-bud.org.pl\/en\/wp-json\/wp\/v2\/users\/1"}],"replies":[{"embeddable":true,"href":"https:\/\/inwest-bud.org.pl\/en\/wp-json\/wp\/v2\/comments?post=3227"}],"version-history":[{"count":0,"href":"https:\/\/inwest-bud.org.pl\/en\/wp-json\/wp\/v2\/pages\/3227\/revisions"}],"wp:featuredmedia":[{"embeddable":true,"href":"https:\/\/inwest-bud.org.pl\/en\/wp-json\/wp\/v2\/media\/22732"}],"wp:attachment":[{"href":"https:\/\/inwest-bud.org.pl\/en\/wp-json\/wp\/v2\/media?parent=3227"}],"curies":[{"name":"wp","href":"https:\/\/api.w.org\/{rel}","templated":true}]}}