{"id":17056,"date":"2021-07-22T13:25:00","date_gmt":"2021-07-22T13:25:00","guid":{"rendered":"https:\/\/inwest-bud.org.pl\/?page_id=17056"},"modified":"2024-02-27T19:01:21","modified_gmt":"2024-02-27T19:01:21","slug":"certyfikaty","status":"publish","type":"page","link":"https:\/\/inwest-bud.org.pl\/en\/certyfikaty\/","title":{"rendered":"Certyfikaty"},"content":{"rendered":"<div data-elementor-type=\"wp-page\" data-elementor-id=\"17056\" class=\"elementor elementor-17056\">\n\t\t\t\t\t\t<section class=\"elementor-section elementor-top-section elementor-element elementor-element-38ffe72 elementor-section-boxed elementor-section-height-default elementor-section-height-default sc_fly_static\" data-id=\"38ffe72\" data-element_type=\"section\" data-e-type=\"section\" data-settings=\"{&quot;background_background&quot;:&quot;classic&quot;}\">\n\t\t\t\t\t\t<div class=\"elementor-container elementor-column-gap-extended\">\n\t\t\t\t\t<div class=\"elementor-column elementor-col-100 elementor-top-column elementor-element elementor-element-f60f100 sc_inner_width_none sc_content_align_inherit sc_layouts_column_icons_position_left sc_fly_static\" data-id=\"f60f100\" data-element_type=\"column\" data-e-type=\"column\">\n\t\t\t<div class=\"elementor-widget-wrap elementor-element-populated\">\n\t\t\t\t\t\t<div class=\"elementor-element elementor-element-040db52 sc_height_large sc_fly_static elementor-widget elementor-widget-spacer\" data-id=\"040db52\" data-element_type=\"widget\" data-e-type=\"widget\" data-widget_type=\"spacer.default\">\n\t\t\t\t<div class=\"elementor-widget-container\">\n\t\t\t\t\t\t\t<div class=\"elementor-spacer\">\n\t\t\t<div class=\"elementor-spacer-inner\"><\/div>\n\t\t<\/div>\n\t\t\t\t\t\t<\/div>\n\t\t\t\t<\/div>\n\t\t\t\t<div class=\"elementor-element elementor-element-6a92d3f sc_layouts_hide_on_tablet sc_layouts_hide_on_mobile sc_fly_static elementor-widget elementor-widget-spacer\" data-id=\"6a92d3f\" data-element_type=\"widget\" data-e-type=\"widget\" data-widget_type=\"spacer.default\">\n\t\t\t\t<div class=\"elementor-widget-container\">\n\t\t\t\t\t\t\t<div class=\"elementor-spacer\">\n\t\t\t<div class=\"elementor-spacer-inner\"><\/div>\n\t\t<\/div>\n\t\t\t\t\t\t<\/div>\n\t\t\t\t<\/div>\n\t\t\t\t<div class=\"elementor-element elementor-element-e5b1485 sc_fly_static elementor-widget elementor-widget-trx_sc_title\" data-id=\"e5b1485\" data-element_type=\"widget\" data-e-type=\"widget\" data-widget_type=\"trx_sc_title.default\">\n\t\t\t\t<div class=\"elementor-widget-container\">\n\t\t\t\t\t<div\t\tclass=\"sc_title sc_title_default\" ><span class=\"sc_item_subtitle sc_title_subtitle sc_align_center sc_item_subtitle_above sc_item_title_style_default\">NASZE UPRAWNIENIA<\/span><h1 class=\"sc_item_title sc_title_title sc_align_center sc_item_title_style_default sc_item_title_tag\"\n\t\t\t><span class=\"sc_item_title_text\">CERTYFIKATY<\/span><\/h1><\/div>\t\t\t\t<\/div>\n\t\t\t\t<\/div>\n\t\t\t\t<div class=\"elementor-element elementor-element-63db27e sc_height_large sc_fly_static elementor-widget elementor-widget-spacer\" data-id=\"63db27e\" data-element_type=\"widget\" data-e-type=\"widget\" data-widget_type=\"spacer.default\">\n\t\t\t\t<div class=\"elementor-widget-container\">\n\t\t\t\t\t\t\t<div class=\"elementor-spacer\">\n\t\t\t<div class=\"elementor-spacer-inner\"><\/div>\n\t\t<\/div>\n\t\t\t\t\t\t<\/div>\n\t\t\t\t<\/div>\n\t\t\t\t\t<\/div>\n\t\t<\/div>\n\t\t\t\t\t<\/div>\n\t\t<\/section>\n\t\t\t\t<section class=\"elementor-section elementor-top-section elementor-element elementor-element-1ce56af elementor-section-boxed elementor-section-height-default elementor-section-height-default sc_fly_static\" data-id=\"1ce56af\" data-element_type=\"section\" data-e-type=\"section\">\n\t\t\t\t\t\t<div class=\"elementor-container elementor-column-gap-extended\">\n\t\t\t\t\t<div class=\"elementor-column elementor-col-100 elementor-top-column elementor-element elementor-element-83e09e9 sc_inner_width_none sc_content_align_inherit sc_layouts_column_icons_position_left sc_fly_static\" data-id=\"83e09e9\" data-element_type=\"column\" data-e-type=\"column\">\n\t\t\t<div class=\"elementor-widget-wrap elementor-element-populated\">\n\t\t\t\t\t\t<div class=\"elementor-element elementor-element-f448f47 gallery-spacing-custom animation_type_block sc_fly_static elementor-invisible elementor-widget elementor-widget-image-gallery\" data-id=\"f448f47\" data-element_type=\"widget\" data-e-type=\"widget\" data-settings=\"{&quot;_animation&quot;:&quot;law_office-fadein&quot;}\" data-widget_type=\"image-gallery.default\">\n\t\t\t\t<div class=\"elementor-widget-container\">\n\t\t\t\t\t\t\t<div class=\"elementor-image-gallery\">\n\t\t\t<div id='gallery-1' class='gallery galleryid-17056 gallery-columns-3 gallery-size-full'><figure class='gallery-item'>\n\t\t\t<div class='gallery-icon portrait'>\n\t\t\t\t<img fetchpriority=\"high\" decoding=\"async\" width=\"1000\" height=\"1415\" src=\"https:\/\/inwest-bud.org.pl\/wp-content\/uploads\/2024\/02\/Inwest-bud-sp-zoo-szkolenie-12-1-szary.jpg\" class=\"attachment-full size-full\" alt=\"\" srcset=\"https:\/\/inwest-bud.org.pl\/wp-content\/uploads\/2024\/02\/Inwest-bud-sp-zoo-szkolenie-12-1-szary.jpg 1000w, https:\/\/inwest-bud.org.pl\/wp-content\/uploads\/2024\/02\/Inwest-bud-sp-zoo-szkolenie-12-1-szary-212x300.jpg 212w, https:\/\/inwest-bud.org.pl\/wp-content\/uploads\/2024\/02\/Inwest-bud-sp-zoo-szkolenie-12-1-szary-724x1024.jpg 724w, https:\/\/inwest-bud.org.pl\/wp-content\/uploads\/2024\/02\/Inwest-bud-sp-zoo-szkolenie-12-1-szary-768x1087.jpg 768w, https:\/\/inwest-bud.org.pl\/wp-content\/uploads\/2024\/02\/Inwest-bud-sp-zoo-szkolenie-12-1-szary-8x12.jpg 8w, https:\/\/inwest-bud.org.pl\/wp-content\/uploads\/2024\/02\/Inwest-bud-sp-zoo-szkolenie-12-1-szary-370x524.jpg 370w, https:\/\/inwest-bud.org.pl\/wp-content\/uploads\/2024\/02\/Inwest-bud-sp-zoo-szkolenie-12-1-szary-840x1189.jpg 840w, https:\/\/inwest-bud.org.pl\/wp-content\/uploads\/2024\/02\/Inwest-bud-sp-zoo-szkolenie-12-1-szary-410x580.jpg 410w\" sizes=\"(max-width: 1000px) 100vw, 1000px\" \/>\n\t\t\t<\/div><\/figure><figure class='gallery-item'>\n\t\t\t<div class='gallery-icon portrait'>\n\t\t\t\t<img decoding=\"async\" width=\"1000\" height=\"1415\" src=\"https:\/\/inwest-bud.org.pl\/wp-content\/uploads\/2024\/02\/Inwest-bud-sp-zoo-szkolenie-4-szary.jpg\" class=\"attachment-full size-full\" alt=\"\" srcset=\"https:\/\/inwest-bud.org.pl\/wp-content\/uploads\/2024\/02\/Inwest-bud-sp-zoo-szkolenie-4-szary.jpg 1000w, https:\/\/inwest-bud.org.pl\/wp-content\/uploads\/2024\/02\/Inwest-bud-sp-zoo-szkolenie-4-szary-212x300.jpg 212w, https:\/\/inwest-bud.org.pl\/wp-content\/uploads\/2024\/02\/Inwest-bud-sp-zoo-szkolenie-4-szary-724x1024.jpg 724w, https:\/\/inwest-bud.org.pl\/wp-content\/uploads\/2024\/02\/Inwest-bud-sp-zoo-szkolenie-4-szary-768x1087.jpg 768w, https:\/\/inwest-bud.org.pl\/wp-content\/uploads\/2024\/02\/Inwest-bud-sp-zoo-szkolenie-4-szary-370x524.jpg 370w, https:\/\/inwest-bud.org.pl\/wp-content\/uploads\/2024\/02\/Inwest-bud-sp-zoo-szkolenie-4-szary-840x1189.jpg 840w, https:\/\/inwest-bud.org.pl\/wp-content\/uploads\/2024\/02\/Inwest-bud-sp-zoo-szkolenie-4-szary-410x580.jpg 410w\" sizes=\"(max-width: 1000px) 100vw, 1000px\" \/>\n\t\t\t<\/div><\/figure><figure class='gallery-item'>\n\t\t\t<div class='gallery-icon portrait'>\n\t\t\t\t<img decoding=\"async\" width=\"1000\" height=\"1415\" src=\"https:\/\/inwest-bud.org.pl\/wp-content\/uploads\/2024\/02\/Inwest-bud-sp-zoo-szkolenie-5-szary.jpg\" class=\"attachment-full size-full\" alt=\"\" srcset=\"https:\/\/inwest-bud.org.pl\/wp-content\/uploads\/2024\/02\/Inwest-bud-sp-zoo-szkolenie-5-szary.jpg 1000w, https:\/\/inwest-bud.org.pl\/wp-content\/uploads\/2024\/02\/Inwest-bud-sp-zoo-szkolenie-5-szary-212x300.jpg 212w, https:\/\/inwest-bud.org.pl\/wp-content\/uploads\/2024\/02\/Inwest-bud-sp-zoo-szkolenie-5-szary-724x1024.jpg 724w, https:\/\/inwest-bud.org.pl\/wp-content\/uploads\/2024\/02\/Inwest-bud-sp-zoo-szkolenie-5-szary-768x1087.jpg 768w, https:\/\/inwest-bud.org.pl\/wp-content\/uploads\/2024\/02\/Inwest-bud-sp-zoo-szkolenie-5-szary-370x524.jpg 370w, https:\/\/inwest-bud.org.pl\/wp-content\/uploads\/2024\/02\/Inwest-bud-sp-zoo-szkolenie-5-szary-840x1189.jpg 840w, https:\/\/inwest-bud.org.pl\/wp-content\/uploads\/2024\/02\/Inwest-bud-sp-zoo-szkolenie-5-szary-410x580.jpg 410w\" sizes=\"(max-width: 1000px) 100vw, 1000px\" \/>\n\t\t\t<\/div><\/figure><figure class='gallery-item'>\n\t\t\t<div class='gallery-icon portrait'>\n\t\t\t\t<img loading=\"lazy\" decoding=\"async\" width=\"1000\" height=\"1415\" src=\"https:\/\/inwest-bud.org.pl\/wp-content\/uploads\/2024\/02\/Inwest-bud-sp-zoo-szkolenie-2-szary.jpg\" class=\"attachment-full size-full\" alt=\"\" srcset=\"https:\/\/inwest-bud.org.pl\/wp-content\/uploads\/2024\/02\/Inwest-bud-sp-zoo-szkolenie-2-szary.jpg 1000w, https:\/\/inwest-bud.org.pl\/wp-content\/uploads\/2024\/02\/Inwest-bud-sp-zoo-szkolenie-2-szary-212x300.jpg 212w, https:\/\/inwest-bud.org.pl\/wp-content\/uploads\/2024\/02\/Inwest-bud-sp-zoo-szkolenie-2-szary-724x1024.jpg 724w, https:\/\/inwest-bud.org.pl\/wp-content\/uploads\/2024\/02\/Inwest-bud-sp-zoo-szkolenie-2-szary-768x1087.jpg 768w, https:\/\/inwest-bud.org.pl\/wp-content\/uploads\/2024\/02\/Inwest-bud-sp-zoo-szkolenie-2-szary-370x524.jpg 370w, https:\/\/inwest-bud.org.pl\/wp-content\/uploads\/2024\/02\/Inwest-bud-sp-zoo-szkolenie-2-szary-840x1189.jpg 840w, https:\/\/inwest-bud.org.pl\/wp-content\/uploads\/2024\/02\/Inwest-bud-sp-zoo-szkolenie-2-szary-410x580.jpg 410w\" sizes=\"(max-width: 1000px) 100vw, 1000px\" \/>\n\t\t\t<\/div><\/figure><figure class='gallery-item'>\n\t\t\t<div class='gallery-icon portrait'>\n\t\t\t\t<img loading=\"lazy\" decoding=\"async\" width=\"1000\" height=\"1415\" src=\"https:\/\/inwest-bud.org.pl\/wp-content\/uploads\/2024\/02\/Inwest-bud-sp-zoo-szkolenie-1-szary.jpg\" class=\"attachment-full size-full\" alt=\"\" srcset=\"https:\/\/inwest-bud.org.pl\/wp-content\/uploads\/2024\/02\/Inwest-bud-sp-zoo-szkolenie-1-szary.jpg 1000w, https:\/\/inwest-bud.org.pl\/wp-content\/uploads\/2024\/02\/Inwest-bud-sp-zoo-szkolenie-1-szary-212x300.jpg 212w, https:\/\/inwest-bud.org.pl\/wp-content\/uploads\/2024\/02\/Inwest-bud-sp-zoo-szkolenie-1-szary-724x1024.jpg 724w, https:\/\/inwest-bud.org.pl\/wp-content\/uploads\/2024\/02\/Inwest-bud-sp-zoo-szkolenie-1-szary-768x1087.jpg 768w, https:\/\/inwest-bud.org.pl\/wp-content\/uploads\/2024\/02\/Inwest-bud-sp-zoo-szkolenie-1-szary-370x524.jpg 370w, https:\/\/inwest-bud.org.pl\/wp-content\/uploads\/2024\/02\/Inwest-bud-sp-zoo-szkolenie-1-szary-840x1189.jpg 840w, https:\/\/inwest-bud.org.pl\/wp-content\/uploads\/2024\/02\/Inwest-bud-sp-zoo-szkolenie-1-szary-410x580.jpg 410w\" sizes=\"(max-width: 1000px) 100vw, 1000px\" \/>\n\t\t\t<\/div><\/figure><figure class='gallery-item'>\n\t\t\t<div class='gallery-icon portrait'>\n\t\t\t\t<img loading=\"lazy\" decoding=\"async\" width=\"1000\" height=\"1415\" src=\"https:\/\/inwest-bud.org.pl\/wp-content\/uploads\/2024\/02\/Inwest-bud-sp-zoo-szkolenie-6-szary-1.jpg\" class=\"attachment-full size-full\" alt=\"\" srcset=\"https:\/\/inwest-bud.org.pl\/wp-content\/uploads\/2024\/02\/Inwest-bud-sp-zoo-szkolenie-6-szary-1.jpg 1000w, https:\/\/inwest-bud.org.pl\/wp-content\/uploads\/2024\/02\/Inwest-bud-sp-zoo-szkolenie-6-szary-1-212x300.jpg 212w, https:\/\/inwest-bud.org.pl\/wp-content\/uploads\/2024\/02\/Inwest-bud-sp-zoo-szkolenie-6-szary-1-724x1024.jpg 724w, https:\/\/inwest-bud.org.pl\/wp-content\/uploads\/2024\/02\/Inwest-bud-sp-zoo-szkolenie-6-szary-1-768x1087.jpg 768w, https:\/\/inwest-bud.org.pl\/wp-content\/uploads\/2024\/02\/Inwest-bud-sp-zoo-szkolenie-6-szary-1-370x524.jpg 370w, https:\/\/inwest-bud.org.pl\/wp-content\/uploads\/2024\/02\/Inwest-bud-sp-zoo-szkolenie-6-szary-1-840x1189.jpg 840w, https:\/\/inwest-bud.org.pl\/wp-content\/uploads\/2024\/02\/Inwest-bud-sp-zoo-szkolenie-6-szary-1-410x580.jpg 410w\" sizes=\"(max-width: 1000px) 100vw, 1000px\" \/>\n\t\t\t<\/div><\/figure><figure class='gallery-item'>\n\t\t\t<div class='gallery-icon portrait'>\n\t\t\t\t<img loading=\"lazy\" decoding=\"async\" width=\"1000\" height=\"1415\" src=\"https:\/\/inwest-bud.org.pl\/wp-content\/uploads\/2024\/02\/Inwest-bud-sp-zoo-szkolenie-7-szary-1.jpg\" class=\"attachment-full size-full\" alt=\"\" srcset=\"https:\/\/inwest-bud.org.pl\/wp-content\/uploads\/2024\/02\/Inwest-bud-sp-zoo-szkolenie-7-szary-1.jpg 1000w, https:\/\/inwest-bud.org.pl\/wp-content\/uploads\/2024\/02\/Inwest-bud-sp-zoo-szkolenie-7-szary-1-212x300.jpg 212w, https:\/\/inwest-bud.org.pl\/wp-content\/uploads\/2024\/02\/Inwest-bud-sp-zoo-szkolenie-7-szary-1-724x1024.jpg 724w, https:\/\/inwest-bud.org.pl\/wp-content\/uploads\/2024\/02\/Inwest-bud-sp-zoo-szkolenie-7-szary-1-768x1087.jpg 768w, https:\/\/inwest-bud.org.pl\/wp-content\/uploads\/2024\/02\/Inwest-bud-sp-zoo-szkolenie-7-szary-1-370x524.jpg 370w, https:\/\/inwest-bud.org.pl\/wp-content\/uploads\/2024\/02\/Inwest-bud-sp-zoo-szkolenie-7-szary-1-840x1189.jpg 840w, https:\/\/inwest-bud.org.pl\/wp-content\/uploads\/2024\/02\/Inwest-bud-sp-zoo-szkolenie-7-szary-1-410x580.jpg 410w\" sizes=\"(max-width: 1000px) 100vw, 1000px\" \/>\n\t\t\t<\/div><\/figure><figure class='gallery-item'>\n\t\t\t<div class='gallery-icon portrait'>\n\t\t\t\t<img loading=\"lazy\" decoding=\"async\" width=\"1000\" height=\"1415\" src=\"https:\/\/inwest-bud.org.pl\/wp-content\/uploads\/2024\/02\/Inwest-bud-sp-zoo-szkolenie-8-szary-1.jpg\" class=\"attachment-full size-full\" alt=\"\" srcset=\"https:\/\/inwest-bud.org.pl\/wp-content\/uploads\/2024\/02\/Inwest-bud-sp-zoo-szkolenie-8-szary-1.jpg 1000w, https:\/\/inwest-bud.org.pl\/wp-content\/uploads\/2024\/02\/Inwest-bud-sp-zoo-szkolenie-8-szary-1-212x300.jpg 212w, https:\/\/inwest-bud.org.pl\/wp-content\/uploads\/2024\/02\/Inwest-bud-sp-zoo-szkolenie-8-szary-1-724x1024.jpg 724w, https:\/\/inwest-bud.org.pl\/wp-content\/uploads\/2024\/02\/Inwest-bud-sp-zoo-szkolenie-8-szary-1-768x1087.jpg 768w, https:\/\/inwest-bud.org.pl\/wp-content\/uploads\/2024\/02\/Inwest-bud-sp-zoo-szkolenie-8-szary-1-370x524.jpg 370w, https:\/\/inwest-bud.org.pl\/wp-content\/uploads\/2024\/02\/Inwest-bud-sp-zoo-szkolenie-8-szary-1-840x1189.jpg 840w, https:\/\/inwest-bud.org.pl\/wp-content\/uploads\/2024\/02\/Inwest-bud-sp-zoo-szkolenie-8-szary-1-410x580.jpg 410w\" sizes=\"(max-width: 1000px) 100vw, 1000px\" \/>\n\t\t\t<\/div><\/figure><figure class='gallery-item'>\n\t\t\t<div class='gallery-icon portrait'>\n\t\t\t\t<img loading=\"lazy\" decoding=\"async\" width=\"1000\" height=\"1415\" src=\"https:\/\/inwest-bud.org.pl\/wp-content\/uploads\/2024\/02\/Inwest-bud-sp-zoo-szkolenie-10-szary.jpg\" class=\"attachment-full size-full\" alt=\"\" srcset=\"https:\/\/inwest-bud.org.pl\/wp-content\/uploads\/2024\/02\/Inwest-bud-sp-zoo-szkolenie-10-szary.jpg 1000w, https:\/\/inwest-bud.org.pl\/wp-content\/uploads\/2024\/02\/Inwest-bud-sp-zoo-szkolenie-10-szary-212x300.jpg 212w, https:\/\/inwest-bud.org.pl\/wp-content\/uploads\/2024\/02\/Inwest-bud-sp-zoo-szkolenie-10-szary-724x1024.jpg 724w, https:\/\/inwest-bud.org.pl\/wp-content\/uploads\/2024\/02\/Inwest-bud-sp-zoo-szkolenie-10-szary-768x1087.jpg 768w, https:\/\/inwest-bud.org.pl\/wp-content\/uploads\/2024\/02\/Inwest-bud-sp-zoo-szkolenie-10-szary-370x524.jpg 370w, https:\/\/inwest-bud.org.pl\/wp-content\/uploads\/2024\/02\/Inwest-bud-sp-zoo-szkolenie-10-szary-840x1189.jpg 840w, https:\/\/inwest-bud.org.pl\/wp-content\/uploads\/2024\/02\/Inwest-bud-sp-zoo-szkolenie-10-szary-410x580.jpg 410w\" sizes=\"(max-width: 1000px) 100vw, 1000px\" \/>\n\t\t\t<\/div><\/figure><figure class='gallery-item'>\n\t\t\t<div class='gallery-icon portrait'>\n\t\t\t\t<img loading=\"lazy\" decoding=\"async\" width=\"1000\" height=\"1415\" src=\"https:\/\/inwest-bud.org.pl\/wp-content\/uploads\/2024\/02\/Inwest-bud-sp-zoo-szkolenie-13-szary.jpg\" class=\"attachment-full size-full\" alt=\"\" srcset=\"https:\/\/inwest-bud.org.pl\/wp-content\/uploads\/2024\/02\/Inwest-bud-sp-zoo-szkolenie-13-szary.jpg 1000w, https:\/\/inwest-bud.org.pl\/wp-content\/uploads\/2024\/02\/Inwest-bud-sp-zoo-szkolenie-13-szary-212x300.jpg 212w, https:\/\/inwest-bud.org.pl\/wp-content\/uploads\/2024\/02\/Inwest-bud-sp-zoo-szkolenie-13-szary-724x1024.jpg 724w, https:\/\/inwest-bud.org.pl\/wp-content\/uploads\/2024\/02\/Inwest-bud-sp-zoo-szkolenie-13-szary-768x1087.jpg 768w, https:\/\/inwest-bud.org.pl\/wp-content\/uploads\/2024\/02\/Inwest-bud-sp-zoo-szkolenie-13-szary-8x12.jpg 8w, https:\/\/inwest-bud.org.pl\/wp-content\/uploads\/2024\/02\/Inwest-bud-sp-zoo-szkolenie-13-szary-370x524.jpg 370w, https:\/\/inwest-bud.org.pl\/wp-content\/uploads\/2024\/02\/Inwest-bud-sp-zoo-szkolenie-13-szary-840x1189.jpg 840w, https:\/\/inwest-bud.org.pl\/wp-content\/uploads\/2024\/02\/Inwest-bud-sp-zoo-szkolenie-13-szary-410x580.jpg 410w\" sizes=\"(max-width: 1000px) 100vw, 1000px\" \/>\n\t\t\t<\/div><\/figure>\n\t\t<\/div>\n\t\t<\/div>\n\t\t\t\t\t\t<\/div>\n\t\t\t\t<\/div>\n\t\t\t\t<div class=\"elementor-element elementor-element-6e2de74 sc_height_huge sc_fly_static elementor-widget elementor-widget-spacer\" data-id=\"6e2de74\" data-element_type=\"widget\" data-e-type=\"widget\" data-widget_type=\"spacer.default\">\n\t\t\t\t<div class=\"elementor-widget-container\">\n\t\t\t\t\t\t\t<div class=\"elementor-spacer\">\n\t\t\t<div class=\"elementor-spacer-inner\"><\/div>\n\t\t<\/div>\n\t\t\t\t\t\t<\/div>\n\t\t\t\t<\/div>\n\t\t\t\t<div class=\"elementor-element elementor-element-b2ebc1a sc_height_huge sc_fly_static elementor-widget elementor-widget-spacer\" data-id=\"b2ebc1a\" data-element_type=\"widget\" data-e-type=\"widget\" data-widget_type=\"spacer.default\">\n\t\t\t\t<div class=\"elementor-widget-container\">\n\t\t\t\t\t\t\t<div class=\"elementor-spacer\">\n\t\t\t<div class=\"elementor-spacer-inner\"><\/div>\n\t\t<\/div>\n\t\t\t\t\t\t<\/div>\n\t\t\t\t<\/div>\n\t\t\t\t\t<\/div>\n\t\t<\/div>\n\t\t\t\t\t<\/div>\n\t\t<\/section>\n\t\t\t\t<\/div>","protected":false},"excerpt":{"rendered":"<p>&hellip;<\/p>","protected":false},"author":1,"featured_media":21508,"parent":0,"menu_order":0,"comment_status":"closed","ping_status":"closed","template":"","meta":{"_monsterinsights_skip_tracking":false,"_monsterinsights_sitenote_active":false,"_monsterinsights_sitenote_note":"","_monsterinsights_sitenote_category":0,"footnotes":""},"class_list":["post-17056","page","type-page","status-publish","has-post-thumbnail","hentry"],"yoast_head":"<!-- This site is optimized with the Yoast SEO plugin v27.4 - https:\/\/yoast.com\/product\/yoast-seo-wordpress\/ -->\n<title>Certyfikaty - Inwest-Bud Sp\u00f3\u0142ka z o.o.<\/title>\n<meta name=\"robots\" content=\"index, follow, max-snippet:-1, max-image-preview:large, max-video-preview:-1\" \/>\n<link rel=\"canonical\" href=\"https:\/\/inwest-bud.org.pl\/en\/certyfikaty\/\" \/>\n<meta property=\"og:locale\" content=\"en_US\" \/>\n<meta property=\"og:type\" content=\"article\" \/>\n<meta property=\"og:title\" content=\"Certyfikaty - Inwest-Bud Sp\u00f3\u0142ka z o.o.\" \/>\n<meta property=\"og:description\" content=\"&hellip;\" \/>\n<meta property=\"og:url\" content=\"https:\/\/inwest-bud.org.pl\/en\/certyfikaty\/\" \/>\n<meta property=\"og:site_name\" content=\"Inwest-Bud Sp\u00f3\u0142ka z o.o.\" \/>\n<meta property=\"article:modified_time\" content=\"2024-02-27T19:01:21+00:00\" \/>\n<meta property=\"og:image\" content=\"https:\/\/inwest-bud.org.pl\/wp-content\/uploads\/2021\/07\/inwest-bud-spolka-z-o-o-torun-thisisengineering-3862615.jpg\" \/>\n\t<meta property=\"og:image:width\" content=\"781\" \/>\n\t<meta property=\"og:image:height\" content=\"620\" \/>\n\t<meta property=\"og:image:type\" content=\"image\/jpeg\" \/>\n<meta name=\"twitter:card\" content=\"summary_large_image\" \/>\n<meta name=\"twitter:label1\" content=\"Est. reading time\" \/>\n\t<meta name=\"twitter:data1\" content=\"3 minutes\" \/>\n<script type=\"application\/ld+json\" class=\"yoast-schema-graph\">{\"@context\":\"https:\\\/\\\/schema.org\",\"@graph\":[{\"@type\":\"WebPage\",\"@id\":\"https:\\\/\\\/inwest-bud.org.pl\\\/certyfikaty\\\/\",\"url\":\"https:\\\/\\\/inwest-bud.org.pl\\\/certyfikaty\\\/\",\"name\":\"Certyfikaty - Inwest-Bud Sp\u00f3\u0142ka z o.o.\",\"isPartOf\":{\"@id\":\"https:\\\/\\\/inwest-bud.org.pl\\\/#website\"},\"primaryImageOfPage\":{\"@id\":\"https:\\\/\\\/inwest-bud.org.pl\\\/certyfikaty\\\/#primaryimage\"},\"image\":{\"@id\":\"https:\\\/\\\/inwest-bud.org.pl\\\/certyfikaty\\\/#primaryimage\"},\"thumbnailUrl\":\"https:\\\/\\\/inwest-bud.org.pl\\\/wp-content\\\/uploads\\\/2021\\\/07\\\/inwest-bud-spolka-z-o-o-torun-thisisengineering-3862615.jpg\",\"datePublished\":\"2021-07-22T13:25:00+00:00\",\"dateModified\":\"2024-02-27T19:01:21+00:00\",\"breadcrumb\":{\"@id\":\"https:\\\/\\\/inwest-bud.org.pl\\\/certyfikaty\\\/#breadcrumb\"},\"inLanguage\":\"en-US\",\"potentialAction\":[{\"@type\":\"ReadAction\",\"target\":[\"https:\\\/\\\/inwest-bud.org.pl\\\/certyfikaty\\\/\"]}]},{\"@type\":\"ImageObject\",\"inLanguage\":\"en-US\",\"@id\":\"https:\\\/\\\/inwest-bud.org.pl\\\/certyfikaty\\\/#primaryimage\",\"url\":\"https:\\\/\\\/inwest-bud.org.pl\\\/wp-content\\\/uploads\\\/2021\\\/07\\\/inwest-bud-spolka-z-o-o-torun-thisisengineering-3862615.jpg\",\"contentUrl\":\"https:\\\/\\\/inwest-bud.org.pl\\\/wp-content\\\/uploads\\\/2021\\\/07\\\/inwest-bud-spolka-z-o-o-torun-thisisengineering-3862615.jpg\",\"width\":781,\"height\":620},{\"@type\":\"BreadcrumbList\",\"@id\":\"https:\\\/\\\/inwest-bud.org.pl\\\/certyfikaty\\\/#breadcrumb\",\"itemListElement\":[{\"@type\":\"ListItem\",\"position\":1,\"name\":\"Home\",\"item\":\"https:\\\/\\\/inwest-bud.org.pl\\\/\"},{\"@type\":\"ListItem\",\"position\":2,\"name\":\"Certyfikaty\"}]},{\"@type\":\"WebSite\",\"@id\":\"https:\\\/\\\/inwest-bud.org.pl\\\/#website\",\"url\":\"https:\\\/\\\/inwest-bud.org.pl\\\/\",\"name\":\"Inwest-Bud Sp\u00f3\u0142ka Z O.O.\",\"description\":\"Profesjonalne us\u0142ugi inwestycyjno-budowlane\",\"publisher\":{\"@id\":\"https:\\\/\\\/inwest-bud.org.pl\\\/#organization\"},\"potentialAction\":[{\"@type\":\"SearchAction\",\"target\":{\"@type\":\"EntryPoint\",\"urlTemplate\":\"https:\\\/\\\/inwest-bud.org.pl\\\/?s={search_term_string}\"},\"query-input\":{\"@type\":\"PropertyValueSpecification\",\"valueRequired\":true,\"valueName\":\"search_term_string\"}}],\"inLanguage\":\"en-US\"},{\"@type\":\"Organization\",\"@id\":\"https:\\\/\\\/inwest-bud.org.pl\\\/#organization\",\"name\":\"Inwest-Bud Sp\u00f3\u0142ka Z O.O.\",\"url\":\"https:\\\/\\\/inwest-bud.org.pl\\\/\",\"logo\":{\"@type\":\"ImageObject\",\"inLanguage\":\"en-US\",\"@id\":\"https:\\\/\\\/inwest-bud.org.pl\\\/#\\\/schema\\\/logo\\\/image\\\/\",\"url\":\"https:\\\/\\\/inwest-bud.org.pl\\\/wp-content\\\/uploads\\\/2024\\\/02\\\/logo_02_light-web.png\",\"contentUrl\":\"https:\\\/\\\/inwest-bud.org.pl\\\/wp-content\\\/uploads\\\/2024\\\/02\\\/logo_02_light-web.png\",\"width\":595,\"height\":283,\"caption\":\"Inwest-Bud Sp\u00f3\u0142ka Z O.O.\"},\"image\":{\"@id\":\"https:\\\/\\\/inwest-bud.org.pl\\\/#\\\/schema\\\/logo\\\/image\\\/\"}}]}<\/script>\n<!-- \/ Yoast SEO plugin. -->","yoast_head_json":{"title":"Certyfikaty - Inwest-Bud Sp\u00f3\u0142ka z o.o.","robots":{"index":"index","follow":"follow","max-snippet":"max-snippet:-1","max-image-preview":"max-image-preview:large","max-video-preview":"max-video-preview:-1"},"canonical":"https:\/\/inwest-bud.org.pl\/en\/certyfikaty\/","og_locale":"en_US","og_type":"article","og_title":"Certyfikaty - Inwest-Bud Sp\u00f3\u0142ka z o.o.","og_description":"&hellip;","og_url":"https:\/\/inwest-bud.org.pl\/en\/certyfikaty\/","og_site_name":"Inwest-Bud Sp\u00f3\u0142ka z o.o.","article_modified_time":"2024-02-27T19:01:21+00:00","og_image":[{"width":781,"height":620,"url":"https:\/\/inwest-bud.org.pl\/wp-content\/uploads\/2021\/07\/inwest-bud-spolka-z-o-o-torun-thisisengineering-3862615.jpg","type":"image\/jpeg"}],"twitter_card":"summary_large_image","twitter_misc":{"Est. reading time":"3 minutes"},"schema":{"@context":"https:\/\/schema.org","@graph":[{"@type":"WebPage","@id":"https:\/\/inwest-bud.org.pl\/certyfikaty\/","url":"https:\/\/inwest-bud.org.pl\/certyfikaty\/","name":"Certyfikaty - Inwest-Bud Sp\u00f3\u0142ka z o.o.","isPartOf":{"@id":"https:\/\/inwest-bud.org.pl\/#website"},"primaryImageOfPage":{"@id":"https:\/\/inwest-bud.org.pl\/certyfikaty\/#primaryimage"},"image":{"@id":"https:\/\/inwest-bud.org.pl\/certyfikaty\/#primaryimage"},"thumbnailUrl":"https:\/\/inwest-bud.org.pl\/wp-content\/uploads\/2021\/07\/inwest-bud-spolka-z-o-o-torun-thisisengineering-3862615.jpg","datePublished":"2021-07-22T13:25:00+00:00","dateModified":"2024-02-27T19:01:21+00:00","breadcrumb":{"@id":"https:\/\/inwest-bud.org.pl\/certyfikaty\/#breadcrumb"},"inLanguage":"en-US","potentialAction":[{"@type":"ReadAction","target":["https:\/\/inwest-bud.org.pl\/certyfikaty\/"]}]},{"@type":"ImageObject","inLanguage":"en-US","@id":"https:\/\/inwest-bud.org.pl\/certyfikaty\/#primaryimage","url":"https:\/\/inwest-bud.org.pl\/wp-content\/uploads\/2021\/07\/inwest-bud-spolka-z-o-o-torun-thisisengineering-3862615.jpg","contentUrl":"https:\/\/inwest-bud.org.pl\/wp-content\/uploads\/2021\/07\/inwest-bud-spolka-z-o-o-torun-thisisengineering-3862615.jpg","width":781,"height":620},{"@type":"BreadcrumbList","@id":"https:\/\/inwest-bud.org.pl\/certyfikaty\/#breadcrumb","itemListElement":[{"@type":"ListItem","position":1,"name":"Home","item":"https:\/\/inwest-bud.org.pl\/"},{"@type":"ListItem","position":2,"name":"Certyfikaty"}]},{"@type":"WebSite","@id":"https:\/\/inwest-bud.org.pl\/#website","url":"https:\/\/inwest-bud.org.pl\/","name":"Inwest-Bud Sp\u00f3\u0142ka Z O.O.","description":"Profesjonalne us\u0142ugi inwestycyjno-budowlane","publisher":{"@id":"https:\/\/inwest-bud.org.pl\/#organization"},"potentialAction":[{"@type":"SearchAction","target":{"@type":"EntryPoint","urlTemplate":"https:\/\/inwest-bud.org.pl\/?s={search_term_string}"},"query-input":{"@type":"PropertyValueSpecification","valueRequired":true,"valueName":"search_term_string"}}],"inLanguage":"en-US"},{"@type":"Organization","@id":"https:\/\/inwest-bud.org.pl\/#organization","name":"Inwest-Bud Sp\u00f3\u0142ka Z O.O.","url":"https:\/\/inwest-bud.org.pl\/","logo":{"@type":"ImageObject","inLanguage":"en-US","@id":"https:\/\/inwest-bud.org.pl\/#\/schema\/logo\/image\/","url":"https:\/\/inwest-bud.org.pl\/wp-content\/uploads\/2024\/02\/logo_02_light-web.png","contentUrl":"https:\/\/inwest-bud.org.pl\/wp-content\/uploads\/2024\/02\/logo_02_light-web.png","width":595,"height":283,"caption":"Inwest-Bud Sp\u00f3\u0142ka Z O.O."},"image":{"@id":"https:\/\/inwest-bud.org.pl\/#\/schema\/logo\/image\/"}}]}},"_links":{"self":[{"href":"https:\/\/inwest-bud.org.pl\/en\/wp-json\/wp\/v2\/pages\/17056","targetHints":{"allow":["GET"]}}],"collection":[{"href":"https:\/\/inwest-bud.org.pl\/en\/wp-json\/wp\/v2\/pages"}],"about":[{"href":"https:\/\/inwest-bud.org.pl\/en\/wp-json\/wp\/v2\/types\/page"}],"author":[{"embeddable":true,"href":"https:\/\/inwest-bud.org.pl\/en\/wp-json\/wp\/v2\/users\/1"}],"replies":[{"embeddable":true,"href":"https:\/\/inwest-bud.org.pl\/en\/wp-json\/wp\/v2\/comments?post=17056"}],"version-history":[{"count":0,"href":"https:\/\/inwest-bud.org.pl\/en\/wp-json\/wp\/v2\/pages\/17056\/revisions"}],"wp:featuredmedia":[{"embeddable":true,"href":"https:\/\/inwest-bud.org.pl\/en\/wp-json\/wp\/v2\/media\/21508"}],"wp:attachment":[{"href":"https:\/\/inwest-bud.org.pl\/en\/wp-json\/wp\/v2\/media?parent=17056"}],"curies":[{"name":"wp","href":"https:\/\/api.w.org\/{rel}","templated":true}]}}